{"id":1127,"date":"2024-08-17T05:57:24","date_gmt":"2024-08-17T05:57:24","guid":{"rendered":"https:\/\/bramy-gates.pl\/?post_type=product&#038;p=1127"},"modified":"2025-02-13T19:50:45","modified_gmt":"2025-02-13T19:50:45","slug":"naped-se-1200","status":"publish","type":"product","link":"http:\/\/bramy-gates.pl\/pl_pl\/product\/naped-se-1200\/","title":{"rendered":"Nap\u0119d SE-1200"},"content":{"rendered":"<p>Nap\u0119dy elektryczne serii Sectional przeznaczone s\u0105 do automatyzacji gara\u017cowych bram segmentowych o \u015bredniej intensywno\u015bci u\u017cytkowania. Nap\u0119dy elektryczne mo\u017cna \u0142atwo zamocowa\u0107 do prowadnicy i przymocowa\u0107 do sufitu.<br \/>\nW obudow\u0119 nap\u0119du wbudowan\u0105 jest lampa s\u0142u\u017c\u0105ca do o\u015bwietlenia gara\u017cu, kt\u00f3ra w\u0142\u0105cza si\u0119 automatycznie podczas zamykania lub otwierania bramy.<\/p>\n","protected":false},"excerpt":{"rendered":"<p>Nap\u0119dy elektryczne serii Sectional przeznaczone s\u0105 do automatyzacji gara\u017cowych bram segmentowych o \u015bredniej intensywno\u015bci u\u017cytkowania. Nap\u0119dy elektryczne mo\u017cna \u0142atwo zamocowa\u0107 do prowadnicy i przymocowa\u0107 do&#8230;<\/p>\n","protected":false},"featured_media":1124,"comment_status":"open","ping_status":"closed","template":"","meta":[],"etheme_brands":[],"product_brand":[],"product_cat":[22],"product_tag":[],"class_list":{"0":"post-1127","1":"product","2":"type-product","3":"status-publish","4":"has-post-thumbnail","6":"product_cat-automatyka","7":"product_shipping_class-duze","9":"first","10":"onbackorder","11":"taxable","12":"shipping-taxable","13":"purchasable","14":"product-type-simple"},"_links":{"self":[{"href":"http:\/\/bramy-gates.pl\/pl_pl\/wp-json\/wp\/v2\/product\/1127","targetHints":{"allow":["GET"]}}],"collection":[{"href":"http:\/\/bramy-gates.pl\/pl_pl\/wp-json\/wp\/v2\/product"}],"about":[{"href":"http:\/\/bramy-gates.pl\/pl_pl\/wp-json\/wp\/v2\/types\/product"}],"replies":[{"embeddable":true,"href":"http:\/\/bramy-gates.pl\/pl_pl\/wp-json\/wp\/v2\/comments?post=1127"}],"version-history":[{"count":2,"href":"http:\/\/bramy-gates.pl\/pl_pl\/wp-json\/wp\/v2\/product\/1127\/revisions"}],"predecessor-version":[{"id":2216,"href":"http:\/\/bramy-gates.pl\/pl_pl\/wp-json\/wp\/v2\/product\/1127\/revisions\/2216"}],"wp:featuredmedia":[{"embeddable":true,"href":"http:\/\/bramy-gates.pl\/pl_pl\/wp-json\/wp\/v2\/media\/1124"}],"wp:attachment":[{"href":"http:\/\/bramy-gates.pl\/pl_pl\/wp-json\/wp\/v2\/media?parent=1127"}],"wp:term":[{"taxonomy":"brand","embeddable":true,"href":"http:\/\/bramy-gates.pl\/pl_pl\/wp-json\/wp\/v2\/etheme_brands?post=1127"},{"taxonomy":"product_brand","embeddable":true,"href":"http:\/\/bramy-gates.pl\/pl_pl\/wp-json\/wp\/v2\/product_brand?post=1127"},{"taxonomy":"product_cat","embeddable":true,"href":"http:\/\/bramy-gates.pl\/pl_pl\/wp-json\/wp\/v2\/product_cat?post=1127"},{"taxonomy":"product_tag","embeddable":true,"href":"http:\/\/bramy-gates.pl\/pl_pl\/wp-json\/wp\/v2\/product_tag?post=1127"}],"curies":[{"name":"wp","href":"https:\/\/api.w.org\/{rel}","templated":true}]}}