{"id":1223,"date":"2024-08-17T06:31:54","date_gmt":"2024-08-17T06:31:54","guid":{"rendered":"https:\/\/bramy-gates.pl\/?post_type=product&#038;p=1223"},"modified":"2024-08-17T06:31:54","modified_gmt":"2024-08-17T06:31:54","slug":"okno-okragle-stal-nierdzewna","status":"publish","type":"product","link":"http:\/\/bramy-gates.pl\/pl_pl\/product\/okno-okragle-stal-nierdzewna\/","title":{"rendered":"Okno okr\u0105g\u0142e stal nierdzewna"},"content":{"rendered":"<p>\u015br.330mm stal nierdzewna, bezpieczna szyba<\/p>\n","protected":false},"excerpt":{"rendered":"<p>\u015br.330mm stal nierdzewna, bezpieczna szyba<\/p>\n","protected":false},"featured_media":1224,"comment_status":"open","ping_status":"closed","template":"","meta":[],"etheme_brands":[],"product_brand":[],"product_cat":[26],"product_tag":[],"class_list":{"0":"post-1223","1":"product","2":"type-product","3":"status-publish","4":"has-post-thumbnail","6":"product_cat-okna-i-okucia-boczne","8":"first","9":"instock","10":"taxable","11":"shipping-taxable","12":"purchasable","13":"product-type-simple"},"_links":{"self":[{"href":"http:\/\/bramy-gates.pl\/pl_pl\/wp-json\/wp\/v2\/product\/1223","targetHints":{"allow":["GET"]}}],"collection":[{"href":"http:\/\/bramy-gates.pl\/pl_pl\/wp-json\/wp\/v2\/product"}],"about":[{"href":"http:\/\/bramy-gates.pl\/pl_pl\/wp-json\/wp\/v2\/types\/product"}],"replies":[{"embeddable":true,"href":"http:\/\/bramy-gates.pl\/pl_pl\/wp-json\/wp\/v2\/comments?post=1223"}],"version-history":[{"count":1,"href":"http:\/\/bramy-gates.pl\/pl_pl\/wp-json\/wp\/v2\/product\/1223\/revisions"}],"predecessor-version":[{"id":1225,"href":"http:\/\/bramy-gates.pl\/pl_pl\/wp-json\/wp\/v2\/product\/1223\/revisions\/1225"}],"wp:featuredmedia":[{"embeddable":true,"href":"http:\/\/bramy-gates.pl\/pl_pl\/wp-json\/wp\/v2\/media\/1224"}],"wp:attachment":[{"href":"http:\/\/bramy-gates.pl\/pl_pl\/wp-json\/wp\/v2\/media?parent=1223"}],"wp:term":[{"taxonomy":"brand","embeddable":true,"href":"http:\/\/bramy-gates.pl\/pl_pl\/wp-json\/wp\/v2\/etheme_brands?post=1223"},{"taxonomy":"product_brand","embeddable":true,"href":"http:\/\/bramy-gates.pl\/pl_pl\/wp-json\/wp\/v2\/product_brand?post=1223"},{"taxonomy":"product_cat","embeddable":true,"href":"http:\/\/bramy-gates.pl\/pl_pl\/wp-json\/wp\/v2\/product_cat?post=1223"},{"taxonomy":"product_tag","embeddable":true,"href":"http:\/\/bramy-gates.pl\/pl_pl\/wp-json\/wp\/v2\/product_tag?post=1223"}],"curies":[{"name":"wp","href":"https:\/\/api.w.org\/{rel}","templated":true}]}}