{"id":1226,"date":"2024-08-17T06:32:53","date_gmt":"2024-08-17T06:32:53","guid":{"rendered":"https:\/\/bramy-gates.pl\/?post_type=product&#038;p=1226"},"modified":"2024-08-17T06:32:53","modified_gmt":"2024-08-17T06:32:53","slug":"okno-plastikowe-494x330-mm","status":"publish","type":"product","link":"http:\/\/bramy-gates.pl\/pl_pl\/product\/okno-plastikowe-494x330-mm\/","title":{"rendered":"Okno plastikowe 494&#215;330 mm"},"content":{"rendered":"<p>494&#215;330 mm, rozmiar otworu: 430&#215;265 mm.<\/p>\n<p> dost\u0119pne w kolorze bia\u0142ym, czarnym,br\u0105zowym<\/p>\n","protected":false},"excerpt":{"rendered":"<p>494&#215;330 mm, rozmiar otworu: 430&#215;265 mm. dost\u0119pne w kolorze bia\u0142ym, czarnym,br\u0105zowym<\/p>\n","protected":false},"featured_media":1227,"comment_status":"open","ping_status":"closed","template":"","meta":[],"etheme_brands":[],"product_brand":[],"product_cat":[26],"product_tag":[],"class_list":{"0":"post-1226","1":"product","2":"type-product","3":"status-publish","4":"has-post-thumbnail","6":"product_cat-okna-i-okucia-boczne","8":"first","9":"instock","10":"taxable","11":"shipping-taxable","12":"purchasable","13":"product-type-simple"},"_links":{"self":[{"href":"http:\/\/bramy-gates.pl\/pl_pl\/wp-json\/wp\/v2\/product\/1226","targetHints":{"allow":["GET"]}}],"collection":[{"href":"http:\/\/bramy-gates.pl\/pl_pl\/wp-json\/wp\/v2\/product"}],"about":[{"href":"http:\/\/bramy-gates.pl\/pl_pl\/wp-json\/wp\/v2\/types\/product"}],"replies":[{"embeddable":true,"href":"http:\/\/bramy-gates.pl\/pl_pl\/wp-json\/wp\/v2\/comments?post=1226"}],"version-history":[{"count":1,"href":"http:\/\/bramy-gates.pl\/pl_pl\/wp-json\/wp\/v2\/product\/1226\/revisions"}],"predecessor-version":[{"id":1228,"href":"http:\/\/bramy-gates.pl\/pl_pl\/wp-json\/wp\/v2\/product\/1226\/revisions\/1228"}],"wp:featuredmedia":[{"embeddable":true,"href":"http:\/\/bramy-gates.pl\/pl_pl\/wp-json\/wp\/v2\/media\/1227"}],"wp:attachment":[{"href":"http:\/\/bramy-gates.pl\/pl_pl\/wp-json\/wp\/v2\/media?parent=1226"}],"wp:term":[{"taxonomy":"brand","embeddable":true,"href":"http:\/\/bramy-gates.pl\/pl_pl\/wp-json\/wp\/v2\/etheme_brands?post=1226"},{"taxonomy":"product_brand","embeddable":true,"href":"http:\/\/bramy-gates.pl\/pl_pl\/wp-json\/wp\/v2\/product_brand?post=1226"},{"taxonomy":"product_cat","embeddable":true,"href":"http:\/\/bramy-gates.pl\/pl_pl\/wp-json\/wp\/v2\/product_cat?post=1226"},{"taxonomy":"product_tag","embeddable":true,"href":"http:\/\/bramy-gates.pl\/pl_pl\/wp-json\/wp\/v2\/product_tag?post=1226"}],"curies":[{"name":"wp","href":"https:\/\/api.w.org\/{rel}","templated":true}]}}