{"id":1338,"date":"2024-09-10T09:32:23","date_gmt":"2024-09-10T09:32:23","guid":{"rendered":"https:\/\/bramy-gates.pl\/?post_type=product&#038;p=1338"},"modified":"2025-03-04T18:38:01","modified_gmt":"2025-03-04T18:38:01","slug":"polluk-para-dl-06m","status":"publish","type":"product","link":"http:\/\/bramy-gates.pl\/pl_pl\/product\/polluk-para-dl-06m\/","title":{"rendered":"P\u00f3\u0142\u0142uk (para) d\u0142.0,6m"},"content":{"rendered":"<div id=\"productDescription\" class=\"content\">\n<div class=\"description\">\n<p>cena za\u00a0par\u0119<\/p>\n<\/div>\n<\/div>\n","protected":false},"excerpt":{"rendered":"<p>cena za\u00a0par\u0119<\/p>\n","protected":false},"featured_media":1336,"comment_status":"open","ping_status":"closed","template":"","meta":[],"etheme_brands":[],"product_brand":[],"product_cat":[29],"product_tag":[],"class_list":{"0":"post-1338","1":"product","2":"type-product","3":"status-publish","4":"has-post-thumbnail","6":"product_cat-prowadnice-i-profile","7":"product_shipping_class-male","9":"first","10":"instock","11":"taxable","12":"shipping-taxable","13":"purchasable","14":"product-type-simple"},"_links":{"self":[{"href":"http:\/\/bramy-gates.pl\/pl_pl\/wp-json\/wp\/v2\/product\/1338","targetHints":{"allow":["GET"]}}],"collection":[{"href":"http:\/\/bramy-gates.pl\/pl_pl\/wp-json\/wp\/v2\/product"}],"about":[{"href":"http:\/\/bramy-gates.pl\/pl_pl\/wp-json\/wp\/v2\/types\/product"}],"replies":[{"embeddable":true,"href":"http:\/\/bramy-gates.pl\/pl_pl\/wp-json\/wp\/v2\/comments?post=1338"}],"version-history":[{"count":1,"href":"http:\/\/bramy-gates.pl\/pl_pl\/wp-json\/wp\/v2\/product\/1338\/revisions"}],"predecessor-version":[{"id":1339,"href":"http:\/\/bramy-gates.pl\/pl_pl\/wp-json\/wp\/v2\/product\/1338\/revisions\/1339"}],"wp:featuredmedia":[{"embeddable":true,"href":"http:\/\/bramy-gates.pl\/pl_pl\/wp-json\/wp\/v2\/media\/1336"}],"wp:attachment":[{"href":"http:\/\/bramy-gates.pl\/pl_pl\/wp-json\/wp\/v2\/media?parent=1338"}],"wp:term":[{"taxonomy":"brand","embeddable":true,"href":"http:\/\/bramy-gates.pl\/pl_pl\/wp-json\/wp\/v2\/etheme_brands?post=1338"},{"taxonomy":"product_brand","embeddable":true,"href":"http:\/\/bramy-gates.pl\/pl_pl\/wp-json\/wp\/v2\/product_brand?post=1338"},{"taxonomy":"product_cat","embeddable":true,"href":"http:\/\/bramy-gates.pl\/pl_pl\/wp-json\/wp\/v2\/product_cat?post=1338"},{"taxonomy":"product_tag","embeddable":true,"href":"http:\/\/bramy-gates.pl\/pl_pl\/wp-json\/wp\/v2\/product_tag?post=1338"}],"curies":[{"name":"wp","href":"https:\/\/api.w.org\/{rel}","templated":true}]}}