{"id":1810,"date":"2024-10-23T07:55:06","date_gmt":"2024-10-23T07:55:06","guid":{"rendered":"https:\/\/bramy-gates.pl\/?post_type=product&#038;p=1810"},"modified":"2025-12-12T11:15:38","modified_gmt":"2025-12-12T11:15:38","slug":"zabezpieczenie-przeciw-peknieciu-linki","status":"publish","type":"product","link":"http:\/\/bramy-gates.pl\/pl_pl\/product\/zabezpieczenie-przeciw-peknieciu-linki\/","title":{"rendered":"Zabezpieczenie przeciw p\u0119kni\u0119ciu linki"},"content":{"rendered":"<p>Urz\u0105dzenie zabezpieczaj\u0105ce przed skutkami p\u0119kni\u0119cia lin no\u015bnych cena za par\u0119<\/p>\n","protected":false},"excerpt":{"rendered":"<p>Urz\u0105dzenie zabezpieczaj\u0105ce przed skutkami p\u0119kni\u0119cia lin no\u015bnych cena za par\u0119<\/p>\n","protected":false},"featured_media":1811,"comment_status":"open","ping_status":"closed","template":"","meta":[],"etheme_brands":[],"product_brand":[],"product_cat":[34],"product_tag":[],"class_list":{"0":"post-1810","1":"product","2":"type-product","3":"status-publish","4":"has-post-thumbnail","6":"product_cat-zawiasy-i-zabepieczenia","7":"product_shipping_class-srednie","9":"first","10":"instock","11":"featured","12":"taxable","13":"shipping-taxable","14":"purchasable","15":"product-type-simple"},"_links":{"self":[{"href":"http:\/\/bramy-gates.pl\/pl_pl\/wp-json\/wp\/v2\/product\/1810","targetHints":{"allow":["GET"]}}],"collection":[{"href":"http:\/\/bramy-gates.pl\/pl_pl\/wp-json\/wp\/v2\/product"}],"about":[{"href":"http:\/\/bramy-gates.pl\/pl_pl\/wp-json\/wp\/v2\/types\/product"}],"replies":[{"embeddable":true,"href":"http:\/\/bramy-gates.pl\/pl_pl\/wp-json\/wp\/v2\/comments?post=1810"}],"version-history":[{"count":4,"href":"http:\/\/bramy-gates.pl\/pl_pl\/wp-json\/wp\/v2\/product\/1810\/revisions"}],"predecessor-version":[{"id":2152,"href":"http:\/\/bramy-gates.pl\/pl_pl\/wp-json\/wp\/v2\/product\/1810\/revisions\/2152"}],"wp:featuredmedia":[{"embeddable":true,"href":"http:\/\/bramy-gates.pl\/pl_pl\/wp-json\/wp\/v2\/media\/1811"}],"wp:attachment":[{"href":"http:\/\/bramy-gates.pl\/pl_pl\/wp-json\/wp\/v2\/media?parent=1810"}],"wp:term":[{"taxonomy":"brand","embeddable":true,"href":"http:\/\/bramy-gates.pl\/pl_pl\/wp-json\/wp\/v2\/etheme_brands?post=1810"},{"taxonomy":"product_brand","embeddable":true,"href":"http:\/\/bramy-gates.pl\/pl_pl\/wp-json\/wp\/v2\/product_brand?post=1810"},{"taxonomy":"product_cat","embeddable":true,"href":"http:\/\/bramy-gates.pl\/pl_pl\/wp-json\/wp\/v2\/product_cat?post=1810"},{"taxonomy":"product_tag","embeddable":true,"href":"http:\/\/bramy-gates.pl\/pl_pl\/wp-json\/wp\/v2\/product_tag?post=1810"}],"curies":[{"name":"wp","href":"https:\/\/api.w.org\/{rel}","templated":true}]}}