{"id":1937,"date":"2024-11-21T10:06:13","date_gmt":"2024-11-21T10:06:13","guid":{"rendered":"https:\/\/bramy-gates.pl\/?post_type=product&#038;p=1937"},"modified":"2025-02-12T19:01:33","modified_gmt":"2025-02-12T19:01:33","slug":"setup-op224-uni-dl2-optimo","status":"publish","type":"product","link":"http:\/\/bramy-gates.pl\/pl_pl\/product\/setup-op224-uni-dl2-optimo\/","title":{"rendered":"Setup OP224 UNI DL2 \u2013 Optimo"},"content":{"rendered":"<p>Zestaw automatyki do bram skrzyd\u0142owych 24V , 2,50m+2,50m.<\/p>\n<p>Szybki model wyposa\u017cony w mechaniczny ogranicznik otwierania i zamykania.<\/p>\n<p>Zestaw zawiera:<\/p>\n<p>-2 nap\u0119dy OP2 24 UNI<\/p>\n<p>-2 Piloty MAXI2<\/p>\n<p>-Centrala GE UNI 24 R DL z boxem<\/p>\n<p>-Para fotokom\u00f3rek VISIO<\/p>\n<p>-Lampa ostrzegawcza SUNLED 24<\/p>\n<p>-Elementy monta\u017cowe<\/p>\n","protected":false},"excerpt":{"rendered":"<p>Zestaw automatyki do bram skrzyd\u0142owych 24V , 2,50m+2,50m. Szybki model wyposa\u017cony w mechaniczny ogranicznik otwierania i zamykania. Zestaw zawiera: -2 nap\u0119dy OP2 24 UNI -2&#8230;<\/p>\n","protected":false},"featured_media":1938,"comment_status":"open","ping_status":"closed","template":"","meta":[],"etheme_brands":[],"product_brand":[],"product_cat":[22],"product_tag":[],"class_list":{"0":"post-1937","1":"product","2":"type-product","3":"status-publish","4":"has-post-thumbnail","6":"product_cat-automatyka","7":"product_shipping_class-duze","9":"first","10":"instock","11":"featured","12":"taxable","13":"shipping-taxable","14":"purchasable","15":"product-type-simple"},"_links":{"self":[{"href":"http:\/\/bramy-gates.pl\/pl_pl\/wp-json\/wp\/v2\/product\/1937","targetHints":{"allow":["GET"]}}],"collection":[{"href":"http:\/\/bramy-gates.pl\/pl_pl\/wp-json\/wp\/v2\/product"}],"about":[{"href":"http:\/\/bramy-gates.pl\/pl_pl\/wp-json\/wp\/v2\/types\/product"}],"replies":[{"embeddable":true,"href":"http:\/\/bramy-gates.pl\/pl_pl\/wp-json\/wp\/v2\/comments?post=1937"}],"version-history":[{"count":1,"href":"http:\/\/bramy-gates.pl\/pl_pl\/wp-json\/wp\/v2\/product\/1937\/revisions"}],"predecessor-version":[{"id":1943,"href":"http:\/\/bramy-gates.pl\/pl_pl\/wp-json\/wp\/v2\/product\/1937\/revisions\/1943"}],"wp:featuredmedia":[{"embeddable":true,"href":"http:\/\/bramy-gates.pl\/pl_pl\/wp-json\/wp\/v2\/media\/1938"}],"wp:attachment":[{"href":"http:\/\/bramy-gates.pl\/pl_pl\/wp-json\/wp\/v2\/media?parent=1937"}],"wp:term":[{"taxonomy":"brand","embeddable":true,"href":"http:\/\/bramy-gates.pl\/pl_pl\/wp-json\/wp\/v2\/etheme_brands?post=1937"},{"taxonomy":"product_brand","embeddable":true,"href":"http:\/\/bramy-gates.pl\/pl_pl\/wp-json\/wp\/v2\/product_brand?post=1937"},{"taxonomy":"product_cat","embeddable":true,"href":"http:\/\/bramy-gates.pl\/pl_pl\/wp-json\/wp\/v2\/product_cat?post=1937"},{"taxonomy":"product_tag","embeddable":true,"href":"http:\/\/bramy-gates.pl\/pl_pl\/wp-json\/wp\/v2\/product_tag?post=1937"}],"curies":[{"name":"wp","href":"https:\/\/api.w.org\/{rel}","templated":true}]}}