{"id":1969,"date":"2024-11-21T10:16:33","date_gmt":"2024-11-21T10:16:33","guid":{"rendered":"https:\/\/bramy-gates.pl\/?post_type=product&#038;p=1969"},"modified":"2025-02-12T18:55:22","modified_gmt":"2025-02-12T18:55:22","slug":"setup-op5-uni-dl-optimo","status":"publish","type":"product","link":"http:\/\/bramy-gates.pl\/pl_pl\/product\/setup-op5-uni-dl-optimo\/","title":{"rendered":"Setup OP5 UNI DL \u2013 Optimo"},"content":{"rendered":"<p>Zestaw automatyki do bram skrzyd\u0142owych 230V , 5m+5m<\/p>\n<p>Szybki model wyposa\u017cony w mechaniczny ogranicznik otwierania i zamykania. Wst\u0119pnie okablowane kable o d\u0142ugo\u015bci 1 m. Dostarczony kondensator.<\/p>\n<p>Zestaw zawiera:<\/p>\n<p>-2 nap\u0119dy OP5 UNI<\/p>\n<p>-2 Piloty MAXI2<\/p>\n<p>-Centrala GE UNI R DL z boxem<\/p>\n<p>-Para fotokom\u00f3rek VISIO<\/p>\n<p>-Lampa ostrzegawcza SUNLED 230<\/p>\n<p>-Elementy monta\u017cowe<\/p>\n","protected":false},"excerpt":{"rendered":"<p>Zestaw automatyki do bram skrzyd\u0142owych 230V , 5m+5m Szybki model wyposa\u017cony w mechaniczny ogranicznik otwierania i zamykania. Wst\u0119pnie okablowane kable o d\u0142ugo\u015bci 1 m. Dostarczony&#8230;<\/p>\n","protected":false},"featured_media":1970,"comment_status":"open","ping_status":"closed","template":"","meta":[],"etheme_brands":[],"product_brand":[],"product_cat":[22],"product_tag":[],"class_list":{"0":"post-1969","1":"product","2":"type-product","3":"status-publish","4":"has-post-thumbnail","6":"product_cat-automatyka","7":"product_shipping_class-duze","9":"first","10":"instock","11":"taxable","12":"shipping-taxable","13":"purchasable","14":"product-type-simple"},"_links":{"self":[{"href":"http:\/\/bramy-gates.pl\/pl_pl\/wp-json\/wp\/v2\/product\/1969","targetHints":{"allow":["GET"]}}],"collection":[{"href":"http:\/\/bramy-gates.pl\/pl_pl\/wp-json\/wp\/v2\/product"}],"about":[{"href":"http:\/\/bramy-gates.pl\/pl_pl\/wp-json\/wp\/v2\/types\/product"}],"replies":[{"embeddable":true,"href":"http:\/\/bramy-gates.pl\/pl_pl\/wp-json\/wp\/v2\/comments?post=1969"}],"version-history":[{"count":1,"href":"http:\/\/bramy-gates.pl\/pl_pl\/wp-json\/wp\/v2\/product\/1969\/revisions"}],"predecessor-version":[{"id":1977,"href":"http:\/\/bramy-gates.pl\/pl_pl\/wp-json\/wp\/v2\/product\/1969\/revisions\/1977"}],"wp:featuredmedia":[{"embeddable":true,"href":"http:\/\/bramy-gates.pl\/pl_pl\/wp-json\/wp\/v2\/media\/1970"}],"wp:attachment":[{"href":"http:\/\/bramy-gates.pl\/pl_pl\/wp-json\/wp\/v2\/media?parent=1969"}],"wp:term":[{"taxonomy":"brand","embeddable":true,"href":"http:\/\/bramy-gates.pl\/pl_pl\/wp-json\/wp\/v2\/etheme_brands?post=1969"},{"taxonomy":"product_brand","embeddable":true,"href":"http:\/\/bramy-gates.pl\/pl_pl\/wp-json\/wp\/v2\/product_brand?post=1969"},{"taxonomy":"product_cat","embeddable":true,"href":"http:\/\/bramy-gates.pl\/pl_pl\/wp-json\/wp\/v2\/product_cat?post=1969"},{"taxonomy":"product_tag","embeddable":true,"href":"http:\/\/bramy-gates.pl\/pl_pl\/wp-json\/wp\/v2\/product_tag?post=1969"}],"curies":[{"name":"wp","href":"https:\/\/api.w.org\/{rel}","templated":true}]}}