{"id":1984,"date":"2024-11-21T10:20:39","date_gmt":"2024-11-21T10:20:39","guid":{"rendered":"https:\/\/bramy-gates.pl\/?post_type=product&#038;p=1984"},"modified":"2025-02-12T18:50:03","modified_gmt":"2025-02-12T18:50:03","slug":"setup-armor-uni-dl","status":"publish","type":"product","link":"http:\/\/bramy-gates.pl\/pl_pl\/product\/setup-armor-uni-dl\/","title":{"rendered":"Setup ARMOR UNI DL"},"content":{"rendered":"<p>Zestaw automatyki do bram skrzyd\u0142owych z ramieniem przegubowym 24V.<\/p>\n<p>Model wyposa\u017cony w mechaniczny ogranicznik otwierania i zamykania. Jednostka steruj\u0105ca (RG UNI 24R DL2) dla podw\u00f3jnego lub pojedynczego silnika ze zintegrowanym odbiornikiem radiowym LIFE 433,92 MHz.<\/p>\n<p>Zestaw zawiera:<\/p>\n<p>-Nap\u0119d AR2 24P UNI DL z central\u0105<\/p>\n<p>-Nap\u0119d ARO 24 UNI<\/p>\n<p>-2 Piloty MAXI2<\/p>\n<p>-Para fotokom\u00f3rek VISIO<\/p>\n<p>-Lampa ostrzegawcza SUNLED 24<\/p>\n<p>-Elementy monta\u017cowe<\/p>\n","protected":false},"excerpt":{"rendered":"<p>Zestaw automatyki do bram skrzyd\u0142owych z ramieniem przegubowym 24V. Model wyposa\u017cony w mechaniczny ogranicznik otwierania i zamykania. Jednostka steruj\u0105ca (RG UNI 24R DL2) dla podw\u00f3jnego&#8230;<\/p>\n","protected":false},"featured_media":1985,"comment_status":"open","ping_status":"closed","template":"","meta":[],"etheme_brands":[],"product_brand":[],"product_cat":[22],"product_tag":[],"class_list":{"0":"post-1984","1":"product","2":"type-product","3":"status-publish","4":"has-post-thumbnail","6":"product_cat-automatyka","7":"product_shipping_class-duze","9":"first","10":"instock","11":"taxable","12":"shipping-taxable","13":"purchasable","14":"product-type-simple"},"_links":{"self":[{"href":"http:\/\/bramy-gates.pl\/pl_pl\/wp-json\/wp\/v2\/product\/1984","targetHints":{"allow":["GET"]}}],"collection":[{"href":"http:\/\/bramy-gates.pl\/pl_pl\/wp-json\/wp\/v2\/product"}],"about":[{"href":"http:\/\/bramy-gates.pl\/pl_pl\/wp-json\/wp\/v2\/types\/product"}],"replies":[{"embeddable":true,"href":"http:\/\/bramy-gates.pl\/pl_pl\/wp-json\/wp\/v2\/comments?post=1984"}],"version-history":[{"count":1,"href":"http:\/\/bramy-gates.pl\/pl_pl\/wp-json\/wp\/v2\/product\/1984\/revisions"}],"predecessor-version":[{"id":1990,"href":"http:\/\/bramy-gates.pl\/pl_pl\/wp-json\/wp\/v2\/product\/1984\/revisions\/1990"}],"wp:featuredmedia":[{"embeddable":true,"href":"http:\/\/bramy-gates.pl\/pl_pl\/wp-json\/wp\/v2\/media\/1985"}],"wp:attachment":[{"href":"http:\/\/bramy-gates.pl\/pl_pl\/wp-json\/wp\/v2\/media?parent=1984"}],"wp:term":[{"taxonomy":"brand","embeddable":true,"href":"http:\/\/bramy-gates.pl\/pl_pl\/wp-json\/wp\/v2\/etheme_brands?post=1984"},{"taxonomy":"product_brand","embeddable":true,"href":"http:\/\/bramy-gates.pl\/pl_pl\/wp-json\/wp\/v2\/product_brand?post=1984"},{"taxonomy":"product_cat","embeddable":true,"href":"http:\/\/bramy-gates.pl\/pl_pl\/wp-json\/wp\/v2\/product_cat?post=1984"},{"taxonomy":"product_tag","embeddable":true,"href":"http:\/\/bramy-gates.pl\/pl_pl\/wp-json\/wp\/v2\/product_tag?post=1984"}],"curies":[{"name":"wp","href":"https:\/\/api.w.org\/{rel}","templated":true}]}}