{"id":2010,"date":"2024-11-21T10:29:42","date_gmt":"2024-11-21T10:29:42","guid":{"rendered":"https:\/\/bramy-gates.pl\/?post_type=product&#038;p=2010"},"modified":"2025-02-12T18:40:59","modified_gmt":"2025-02-12T18:40:59","slug":"setup-pr80r","status":"publish","type":"product","link":"http:\/\/bramy-gates.pl\/pl_pl\/product\/setup-pr80r\/","title":{"rendered":"Setup PR80R"},"content":{"rendered":"<p>Zestaw do bram gara\u017cowych do 9 m\u00b2 \u2013 max wysoko\u015b\u0107 2,40m.<\/p>\n<p>Nieodwracalny motoreduktor o maksymalnej sile 800 N, wyposa\u017cone w enkodery.<\/p>\n<p>Jednostka steruj\u0105ca z wbudowanym odbiornikiem radiowym LIFE 433,92 MHz.<\/p>\n<p>W zestawie nadajniki dwukana\u0142owe.<\/p>\n<p>Zestaw zawiera:<\/p>\n<p>-Nap\u0119d PR80 R<\/p>\n<p>-2 piloty 2ch serii DREAM<\/p>\n<p>-Szyna z paskiem kevlarowym GRB30\/2 (3,00m)<\/p>\n<p>-Elementy monta\u017cowe<\/p>\n","protected":false},"excerpt":{"rendered":"<p>Zestaw do bram gara\u017cowych do 9 m\u00b2 \u2013 max wysoko\u015b\u0107 2,40m. Nieodwracalny motoreduktor o maksymalnej sile 800 N, wyposa\u017cone w enkodery. Jednostka steruj\u0105ca z wbudowanym&#8230;<\/p>\n","protected":false},"featured_media":2005,"comment_status":"open","ping_status":"closed","template":"","meta":[],"etheme_brands":[],"product_brand":[],"product_cat":[22],"product_tag":[],"class_list":{"0":"post-2010","1":"product","2":"type-product","3":"status-publish","4":"has-post-thumbnail","6":"product_cat-automatyka","7":"product_shipping_class-duze","9":"first","10":"instock","11":"taxable","12":"shipping-taxable","13":"purchasable","14":"product-type-simple"},"_links":{"self":[{"href":"http:\/\/bramy-gates.pl\/pl_pl\/wp-json\/wp\/v2\/product\/2010","targetHints":{"allow":["GET"]}}],"collection":[{"href":"http:\/\/bramy-gates.pl\/pl_pl\/wp-json\/wp\/v2\/product"}],"about":[{"href":"http:\/\/bramy-gates.pl\/pl_pl\/wp-json\/wp\/v2\/types\/product"}],"replies":[{"embeddable":true,"href":"http:\/\/bramy-gates.pl\/pl_pl\/wp-json\/wp\/v2\/comments?post=2010"}],"version-history":[{"count":1,"href":"http:\/\/bramy-gates.pl\/pl_pl\/wp-json\/wp\/v2\/product\/2010\/revisions"}],"predecessor-version":[{"id":2011,"href":"http:\/\/bramy-gates.pl\/pl_pl\/wp-json\/wp\/v2\/product\/2010\/revisions\/2011"}],"wp:featuredmedia":[{"embeddable":true,"href":"http:\/\/bramy-gates.pl\/pl_pl\/wp-json\/wp\/v2\/media\/2005"}],"wp:attachment":[{"href":"http:\/\/bramy-gates.pl\/pl_pl\/wp-json\/wp\/v2\/media?parent=2010"}],"wp:term":[{"taxonomy":"brand","embeddable":true,"href":"http:\/\/bramy-gates.pl\/pl_pl\/wp-json\/wp\/v2\/etheme_brands?post=2010"},{"taxonomy":"product_brand","embeddable":true,"href":"http:\/\/bramy-gates.pl\/pl_pl\/wp-json\/wp\/v2\/product_brand?post=2010"},{"taxonomy":"product_cat","embeddable":true,"href":"http:\/\/bramy-gates.pl\/pl_pl\/wp-json\/wp\/v2\/product_cat?post=2010"},{"taxonomy":"product_tag","embeddable":true,"href":"http:\/\/bramy-gates.pl\/pl_pl\/wp-json\/wp\/v2\/product_tag?post=2010"}],"curies":[{"name":"wp","href":"https:\/\/api.w.org\/{rel}","templated":true}]}}