{"id":1120,"date":"2024-08-11T09:15:13","date_gmt":"2024-08-11T09:15:13","guid":{"rendered":"https:\/\/bramy-gates.pl\/?post_type=product&#038;p=1120"},"modified":"2025-02-13T19:54:11","modified_gmt":"2025-02-13T19:54:11","slug":"naped-diy-500","status":"publish","type":"product","link":"https:\/\/bramy-gates.pl\/pl_pl\/product\/naped-diy-500\/","title":{"rendered":"Nap\u0119d DIY-500"},"content":{"rendered":"<p>Nap\u0119dy elektryczne serii Sectional przeznaczone s\u0105 do automatyzacji gara\u017cowych bram segmentowych o \u015bredniej intensywno\u015bci u\u017cytkowania. Nap\u0119dy elektryczne mo\u017cna \u0142atwo zamocowa\u0107 do prowadnicy i przymocowa\u0107 do sufitu.<\/p>\n","protected":false},"excerpt":{"rendered":"<p>Nap\u0119dy elektryczne serii Sectional przeznaczone s\u0105 do automatyzacji gara\u017cowych bram segmentowych o \u015bredniej intensywno\u015bci u\u017cytkowania. Nap\u0119dy elektryczne mo\u017cna \u0142atwo zamocowa\u0107 do prowadnicy i przymocowa\u0107 do&#8230;<\/p>\n","protected":false},"featured_media":1121,"comment_status":"open","ping_status":"closed","template":"","meta":[],"etheme_brands":[],"product_brand":[],"product_cat":[22],"product_tag":[],"class_list":{"0":"post-1120","1":"product","2":"type-product","3":"status-publish","4":"has-post-thumbnail","6":"product_cat-automatyka","7":"product_shipping_class-duze","9":"first","10":"onbackorder","11":"taxable","12":"shipping-taxable","13":"purchasable","14":"product-type-simple"},"_links":{"self":[{"href":"https:\/\/bramy-gates.pl\/pl_pl\/wp-json\/wp\/v2\/product\/1120","targetHints":{"allow":["GET"]}}],"collection":[{"href":"https:\/\/bramy-gates.pl\/pl_pl\/wp-json\/wp\/v2\/product"}],"about":[{"href":"https:\/\/bramy-gates.pl\/pl_pl\/wp-json\/wp\/v2\/types\/product"}],"replies":[{"embeddable":true,"href":"https:\/\/bramy-gates.pl\/pl_pl\/wp-json\/wp\/v2\/comments?post=1120"}],"version-history":[{"count":1,"href":"https:\/\/bramy-gates.pl\/pl_pl\/wp-json\/wp\/v2\/product\/1120\/revisions"}],"predecessor-version":[{"id":1122,"href":"https:\/\/bramy-gates.pl\/pl_pl\/wp-json\/wp\/v2\/product\/1120\/revisions\/1122"}],"wp:featuredmedia":[{"embeddable":true,"href":"https:\/\/bramy-gates.pl\/pl_pl\/wp-json\/wp\/v2\/media\/1121"}],"wp:attachment":[{"href":"https:\/\/bramy-gates.pl\/pl_pl\/wp-json\/wp\/v2\/media?parent=1120"}],"wp:term":[{"taxonomy":"brand","embeddable":true,"href":"https:\/\/bramy-gates.pl\/pl_pl\/wp-json\/wp\/v2\/etheme_brands?post=1120"},{"taxonomy":"product_brand","embeddable":true,"href":"https:\/\/bramy-gates.pl\/pl_pl\/wp-json\/wp\/v2\/product_brand?post=1120"},{"taxonomy":"product_cat","embeddable":true,"href":"https:\/\/bramy-gates.pl\/pl_pl\/wp-json\/wp\/v2\/product_cat?post=1120"},{"taxonomy":"product_tag","embeddable":true,"href":"https:\/\/bramy-gates.pl\/pl_pl\/wp-json\/wp\/v2\/product_tag?post=1120"}],"curies":[{"name":"wp","href":"https:\/\/api.w.org\/{rel}","templated":true}]}}