{"id":1129,"date":"2024-08-17T05:58:24","date_gmt":"2024-08-17T05:58:24","guid":{"rendered":"https:\/\/bramy-gates.pl\/?post_type=product&#038;p=1129"},"modified":"2025-02-13T19:49:43","modified_gmt":"2025-02-13T19:49:43","slug":"naped-shaft-20","status":"publish","type":"product","link":"https:\/\/bramy-gates.pl\/pl_pl\/product\/naped-shaft-20\/","title":{"rendered":"Nap\u0119d Shaft 20"},"content":{"rendered":"<p>Nap\u0119dy elektryczne z serii Shaft przeznaczone s\u0105 do automatyzacji segmentowych bram przemys\u0142owych. Nap\u0119dy montowany na wa\u0142.<\/p>\n","protected":false},"excerpt":{"rendered":"<p>Nap\u0119dy elektryczne z serii Shaft przeznaczone s\u0105 do automatyzacji segmentowych bram przemys\u0142owych. Nap\u0119dy montowany na wa\u0142.<\/p>\n","protected":false},"featured_media":1130,"comment_status":"open","ping_status":"closed","template":"","meta":[],"etheme_brands":[],"product_brand":[],"product_cat":[22],"product_tag":[],"class_list":{"0":"post-1129","1":"product","2":"type-product","3":"status-publish","4":"has-post-thumbnail","6":"product_cat-automatyka","7":"product_shipping_class-duze","9":"first","10":"onbackorder","11":"taxable","12":"shipping-taxable","13":"purchasable","14":"product-type-simple"},"_links":{"self":[{"href":"https:\/\/bramy-gates.pl\/pl_pl\/wp-json\/wp\/v2\/product\/1129","targetHints":{"allow":["GET"]}}],"collection":[{"href":"https:\/\/bramy-gates.pl\/pl_pl\/wp-json\/wp\/v2\/product"}],"about":[{"href":"https:\/\/bramy-gates.pl\/pl_pl\/wp-json\/wp\/v2\/types\/product"}],"replies":[{"embeddable":true,"href":"https:\/\/bramy-gates.pl\/pl_pl\/wp-json\/wp\/v2\/comments?post=1129"}],"version-history":[{"count":1,"href":"https:\/\/bramy-gates.pl\/pl_pl\/wp-json\/wp\/v2\/product\/1129\/revisions"}],"predecessor-version":[{"id":1131,"href":"https:\/\/bramy-gates.pl\/pl_pl\/wp-json\/wp\/v2\/product\/1129\/revisions\/1131"}],"wp:featuredmedia":[{"embeddable":true,"href":"https:\/\/bramy-gates.pl\/pl_pl\/wp-json\/wp\/v2\/media\/1130"}],"wp:attachment":[{"href":"https:\/\/bramy-gates.pl\/pl_pl\/wp-json\/wp\/v2\/media?parent=1129"}],"wp:term":[{"taxonomy":"brand","embeddable":true,"href":"https:\/\/bramy-gates.pl\/pl_pl\/wp-json\/wp\/v2\/etheme_brands?post=1129"},{"taxonomy":"product_brand","embeddable":true,"href":"https:\/\/bramy-gates.pl\/pl_pl\/wp-json\/wp\/v2\/product_brand?post=1129"},{"taxonomy":"product_cat","embeddable":true,"href":"https:\/\/bramy-gates.pl\/pl_pl\/wp-json\/wp\/v2\/product_cat?post=1129"},{"taxonomy":"product_tag","embeddable":true,"href":"https:\/\/bramy-gates.pl\/pl_pl\/wp-json\/wp\/v2\/product_tag?post=1129"}],"curies":[{"name":"wp","href":"https:\/\/api.w.org\/{rel}","templated":true}]}}