{"id":1132,"date":"2024-08-17T05:59:09","date_gmt":"2024-08-17T05:59:09","guid":{"rendered":"https:\/\/bramy-gates.pl\/?post_type=product&#038;p=1132"},"modified":"2025-02-13T19:47:59","modified_gmt":"2025-02-13T19:47:59","slug":"naped-shaft-30","status":"publish","type":"product","link":"https:\/\/bramy-gates.pl\/pl_pl\/product\/naped-shaft-30\/","title":{"rendered":"Nap\u0119d Shaft 30"},"content":{"rendered":"<p>Nap\u0119dy elektryczne z serii Shaft przeznaczone s\u0105 do automatyzacji segmentowych bram przemys\u0142owych. Nap\u0119dy montowany na wa\u0142.<\/p>\n","protected":false},"excerpt":{"rendered":"<p>Nap\u0119dy elektryczne z serii Shaft przeznaczone s\u0105 do automatyzacji segmentowych bram przemys\u0142owych. Nap\u0119dy montowany na wa\u0142.<\/p>\n","protected":false},"featured_media":1134,"comment_status":"open","ping_status":"closed","template":"","meta":[],"etheme_brands":[],"product_brand":[],"product_cat":[22],"product_tag":[],"class_list":{"0":"post-1132","1":"product","2":"type-product","3":"status-publish","4":"has-post-thumbnail","6":"product_cat-automatyka","7":"product_shipping_class-duze","9":"first","10":"instock","11":"taxable","12":"shipping-taxable","13":"purchasable","14":"product-type-simple"},"_links":{"self":[{"href":"https:\/\/bramy-gates.pl\/pl_pl\/wp-json\/wp\/v2\/product\/1132","targetHints":{"allow":["GET"]}}],"collection":[{"href":"https:\/\/bramy-gates.pl\/pl_pl\/wp-json\/wp\/v2\/product"}],"about":[{"href":"https:\/\/bramy-gates.pl\/pl_pl\/wp-json\/wp\/v2\/types\/product"}],"replies":[{"embeddable":true,"href":"https:\/\/bramy-gates.pl\/pl_pl\/wp-json\/wp\/v2\/comments?post=1132"}],"version-history":[{"count":1,"href":"https:\/\/bramy-gates.pl\/pl_pl\/wp-json\/wp\/v2\/product\/1132\/revisions"}],"predecessor-version":[{"id":1133,"href":"https:\/\/bramy-gates.pl\/pl_pl\/wp-json\/wp\/v2\/product\/1132\/revisions\/1133"}],"wp:featuredmedia":[{"embeddable":true,"href":"https:\/\/bramy-gates.pl\/pl_pl\/wp-json\/wp\/v2\/media\/1134"}],"wp:attachment":[{"href":"https:\/\/bramy-gates.pl\/pl_pl\/wp-json\/wp\/v2\/media?parent=1132"}],"wp:term":[{"taxonomy":"brand","embeddable":true,"href":"https:\/\/bramy-gates.pl\/pl_pl\/wp-json\/wp\/v2\/etheme_brands?post=1132"},{"taxonomy":"product_brand","embeddable":true,"href":"https:\/\/bramy-gates.pl\/pl_pl\/wp-json\/wp\/v2\/product_brand?post=1132"},{"taxonomy":"product_cat","embeddable":true,"href":"https:\/\/bramy-gates.pl\/pl_pl\/wp-json\/wp\/v2\/product_cat?post=1132"},{"taxonomy":"product_tag","embeddable":true,"href":"https:\/\/bramy-gates.pl\/pl_pl\/wp-json\/wp\/v2\/product_tag?post=1132"}],"curies":[{"name":"wp","href":"https:\/\/api.w.org\/{rel}","templated":true}]}}