{"id":1837,"date":"2024-10-23T08:05:35","date_gmt":"2024-10-23T08:05:35","guid":{"rendered":"https:\/\/bramy-gates.pl\/?post_type=product&#038;p=1837"},"modified":"2025-02-12T19:41:34","modified_gmt":"2025-02-12T19:41:34","slug":"klamka-do-bramy","status":"publish","type":"product","link":"https:\/\/bramy-gates.pl\/pl_pl\/product\/klamka-do-bramy\/","title":{"rendered":"Klamka do bramy"},"content":{"rendered":"<p>Oferowane przez nas klamki, dost\u0119pne w pi\u0119ciu kolorach zapewni\u0105 estetyczne wyko\u0144czenie ka\u017cdej bramy gara\u017cowej.<\/p>\n<p>W\u0141A\u015aCIWO\u015aCI i ZALETY:<br \/>\n&#8211; Lakierowane w spos\u00f3b tradycyjny \u2013 proszkowy. S\u0105 to produkty wysokiej jako\u015bci, a dzi\u0119ki dost\u0119pno\u015bci r\u00f3\u017cnych kolor\u00f3w mo\u017cliwe jest ich idealne wpasowanie do ka\u017cdej bramy.<br \/>\n&#8211; Materia\u0142 z kt\u00f3rego wykonane jest wn\u0119trze klamek to Zamac.<br \/>\n&#8211; Klamka czyli tzw. centralny mechanizm zamykaj\u0105cy nie posiada euro \u2013 wk\u0142adki w zestawie. ( r\u00f3wnie\u017c dost\u0119pne w naszym sklepie)<\/p>\n<p>ZASTOSOWANIE<br \/>\n&#8211; Znajduj\u0105 zar\u00f3wno w bramach domowych jak i ma\u0142ych przemys\u0142owych z prowadnicami pionowymi. Odpowiednie do paneli standardowych grubo\u015bci ok. 40 mm, z mo\u017cliwo\u015bci\u0105 dostosowania do innych wymiar\u00f3w.<br \/>\n&#8211; Maj\u0105 nowoczesny wygl\u0105d, a zarazem klasyczny i estetyczny.<br \/>\n&#8211; Dzi\u0119ki za\u0142\u0105czonej instrukcji monta\u017cu, ka\u017cdy z \u0142atwo\u015bci\u0105 poradzi sobie z w\u0142asnor\u0119cznym zamontowaniem klamki.<\/p>\n<p>&#8211; Oferowane przez nas klamki zakupi\u0107 mo\u017cna r\u00f3wnie\u017c z ca\u0142ym mechanizmem rygluj\u0105cym do bram automatycznych, co jest nowo\u015bci\u0105 na naszym rynku. Ten zestaw jest idealnym rozwi\u0105zaniem dla ka\u017cdego, komu zale\u017cy na bezpiecze\u0144stwie i komforcie u\u017cytkowania.<\/p>\n","protected":false},"excerpt":{"rendered":"<p>Oferowane przez nas klamki, dost\u0119pne w pi\u0119ciu kolorach zapewni\u0105 estetyczne wyko\u0144czenie ka\u017cdej bramy gara\u017cowej. W\u0141A\u015aCIWO\u015aCI i ZALETY: &#8211; Lakierowane w spos\u00f3b tradycyjny \u2013 proszkowy. S\u0105&#8230;<\/p>\n","protected":false},"featured_media":1838,"comment_status":"open","ping_status":"closed","template":"","meta":[],"etheme_brands":[],"product_brand":[],"product_cat":[35],"product_tag":[],"class_list":{"0":"post-1837","1":"product","2":"type-product","3":"status-publish","4":"has-post-thumbnail","6":"product_cat-zamki-raczki-i-inne","7":"product_shipping_class-male","9":"first","10":"instock","11":"taxable","12":"shipping-taxable","13":"purchasable","14":"product-type-simple"},"_links":{"self":[{"href":"https:\/\/bramy-gates.pl\/pl_pl\/wp-json\/wp\/v2\/product\/1837","targetHints":{"allow":["GET"]}}],"collection":[{"href":"https:\/\/bramy-gates.pl\/pl_pl\/wp-json\/wp\/v2\/product"}],"about":[{"href":"https:\/\/bramy-gates.pl\/pl_pl\/wp-json\/wp\/v2\/types\/product"}],"replies":[{"embeddable":true,"href":"https:\/\/bramy-gates.pl\/pl_pl\/wp-json\/wp\/v2\/comments?post=1837"}],"version-history":[{"count":2,"href":"https:\/\/bramy-gates.pl\/pl_pl\/wp-json\/wp\/v2\/product\/1837\/revisions"}],"predecessor-version":[{"id":1923,"href":"https:\/\/bramy-gates.pl\/pl_pl\/wp-json\/wp\/v2\/product\/1837\/revisions\/1923"}],"wp:featuredmedia":[{"embeddable":true,"href":"https:\/\/bramy-gates.pl\/pl_pl\/wp-json\/wp\/v2\/media\/1838"}],"wp:attachment":[{"href":"https:\/\/bramy-gates.pl\/pl_pl\/wp-json\/wp\/v2\/media?parent=1837"}],"wp:term":[{"taxonomy":"brand","embeddable":true,"href":"https:\/\/bramy-gates.pl\/pl_pl\/wp-json\/wp\/v2\/etheme_brands?post=1837"},{"taxonomy":"product_brand","embeddable":true,"href":"https:\/\/bramy-gates.pl\/pl_pl\/wp-json\/wp\/v2\/product_brand?post=1837"},{"taxonomy":"product_cat","embeddable":true,"href":"https:\/\/bramy-gates.pl\/pl_pl\/wp-json\/wp\/v2\/product_cat?post=1837"},{"taxonomy":"product_tag","embeddable":true,"href":"https:\/\/bramy-gates.pl\/pl_pl\/wp-json\/wp\/v2\/product_tag?post=1837"}],"curies":[{"name":"wp","href":"https:\/\/api.w.org\/{rel}","templated":true}]}}