{"id":1882,"date":"2024-10-23T08:16:56","date_gmt":"2024-10-23T08:16:56","guid":{"rendered":"https:\/\/bramy-gates.pl\/?post_type=product&#038;p=1882"},"modified":"2025-02-12T19:12:55","modified_gmt":"2025-02-12T19:12:55","slug":"oprawa-lozyska","status":"publish","type":"product","link":"https:\/\/bramy-gates.pl\/pl_pl\/product\/oprawa-lozyska\/","title":{"rendered":"Oprawa \u0142o\u017cyska"},"content":{"rendered":"<p>podpory wa\u0142u Cena za sztuk\u0119<\/p>\n","protected":false},"excerpt":{"rendered":"<p>podpory wa\u0142u Cena za sztuk\u0119<\/p>\n","protected":false},"featured_media":1883,"comment_status":"open","ping_status":"closed","template":"","meta":[],"etheme_brands":[],"product_brand":[],"product_cat":[35],"product_tag":[],"class_list":{"0":"post-1882","1":"product","2":"type-product","3":"status-publish","4":"has-post-thumbnail","6":"product_cat-zamki-raczki-i-inne","7":"product_shipping_class-male","9":"first","10":"instock","11":"taxable","12":"shipping-taxable","13":"purchasable","14":"product-type-simple"},"_links":{"self":[{"href":"https:\/\/bramy-gates.pl\/pl_pl\/wp-json\/wp\/v2\/product\/1882","targetHints":{"allow":["GET"]}}],"collection":[{"href":"https:\/\/bramy-gates.pl\/pl_pl\/wp-json\/wp\/v2\/product"}],"about":[{"href":"https:\/\/bramy-gates.pl\/pl_pl\/wp-json\/wp\/v2\/types\/product"}],"replies":[{"embeddable":true,"href":"https:\/\/bramy-gates.pl\/pl_pl\/wp-json\/wp\/v2\/comments?post=1882"}],"version-history":[{"count":2,"href":"https:\/\/bramy-gates.pl\/pl_pl\/wp-json\/wp\/v2\/product\/1882\/revisions"}],"predecessor-version":[{"id":2133,"href":"https:\/\/bramy-gates.pl\/pl_pl\/wp-json\/wp\/v2\/product\/1882\/revisions\/2133"}],"wp:featuredmedia":[{"embeddable":true,"href":"https:\/\/bramy-gates.pl\/pl_pl\/wp-json\/wp\/v2\/media\/1883"}],"wp:attachment":[{"href":"https:\/\/bramy-gates.pl\/pl_pl\/wp-json\/wp\/v2\/media?parent=1882"}],"wp:term":[{"taxonomy":"brand","embeddable":true,"href":"https:\/\/bramy-gates.pl\/pl_pl\/wp-json\/wp\/v2\/etheme_brands?post=1882"},{"taxonomy":"product_brand","embeddable":true,"href":"https:\/\/bramy-gates.pl\/pl_pl\/wp-json\/wp\/v2\/product_brand?post=1882"},{"taxonomy":"product_cat","embeddable":true,"href":"https:\/\/bramy-gates.pl\/pl_pl\/wp-json\/wp\/v2\/product_cat?post=1882"},{"taxonomy":"product_tag","embeddable":true,"href":"https:\/\/bramy-gates.pl\/pl_pl\/wp-json\/wp\/v2\/product_tag?post=1882"}],"curies":[{"name":"wp","href":"https:\/\/api.w.org\/{rel}","templated":true}]}}