{"id":1961,"date":"2024-11-21T10:14:02","date_gmt":"2024-11-21T10:14:02","guid":{"rendered":"https:\/\/bramy-gates.pl\/?post_type=product&#038;p=1961"},"modified":"2025-02-11T15:24:15","modified_gmt":"2025-02-11T15:24:15","slug":"setup-ac4r-dl-acer","status":"publish","type":"product","link":"https:\/\/bramy-gates.pl\/pl_pl\/product\/setup-ac4r-dl-acer\/","title":{"rendered":"Setup AC4R DL \u2013 Acer"},"content":{"rendered":"<p>Zestaw automatyki do bram przesuwnych 230V \u2013 400Kg.<\/p>\n<p>Model wyposa\u017cony w enkoder, elektromechaniczne wy\u0142\u0105czniki kra\u0144cowe i jednostk\u0119 steruj\u0105c\u0105 (RG1R DL). Elektroniczna regulacja momentu obrotowego silnika.<\/p>\n<p>Zestaw zawiera:<\/p>\n<p>-Nap\u0119d AC4R DL<\/p>\n<p>-centrala steruj\u0105ca RG1R DL<\/p>\n<p>-2 piloty MAXI 2<\/p>\n<p>-Para fotokom\u00f3rek VISIO<\/p>\n<p>-Lampa ostrzebawcza led z podstawk\u0105 SUNLED 230<\/p>\n","protected":false},"excerpt":{"rendered":"<p>Zestaw automatyki do bram przesuwnych 230V \u2013 400Kg. Model wyposa\u017cony w enkoder, elektromechaniczne wy\u0142\u0105czniki kra\u0144cowe i jednostk\u0119 steruj\u0105c\u0105 (RG1R DL). Elektroniczna regulacja momentu obrotowego silnika&#8230;.<\/p>\n","protected":false},"featured_media":1962,"comment_status":"open","ping_status":"closed","template":"","meta":[],"etheme_brands":[],"product_brand":[],"product_cat":[22],"product_tag":[],"class_list":{"0":"post-1961","1":"product","2":"type-product","3":"status-publish","4":"has-post-thumbnail","6":"product_cat-automatyka","7":"product_shipping_class-duze","9":"first","10":"instock","11":"taxable","12":"shipping-taxable","13":"purchasable","14":"product-type-simple"},"_links":{"self":[{"href":"https:\/\/bramy-gates.pl\/pl_pl\/wp-json\/wp\/v2\/product\/1961","targetHints":{"allow":["GET"]}}],"collection":[{"href":"https:\/\/bramy-gates.pl\/pl_pl\/wp-json\/wp\/v2\/product"}],"about":[{"href":"https:\/\/bramy-gates.pl\/pl_pl\/wp-json\/wp\/v2\/types\/product"}],"replies":[{"embeddable":true,"href":"https:\/\/bramy-gates.pl\/pl_pl\/wp-json\/wp\/v2\/comments?post=1961"}],"version-history":[{"count":1,"href":"https:\/\/bramy-gates.pl\/pl_pl\/wp-json\/wp\/v2\/product\/1961\/revisions"}],"predecessor-version":[{"id":1968,"href":"https:\/\/bramy-gates.pl\/pl_pl\/wp-json\/wp\/v2\/product\/1961\/revisions\/1968"}],"wp:featuredmedia":[{"embeddable":true,"href":"https:\/\/bramy-gates.pl\/pl_pl\/wp-json\/wp\/v2\/media\/1962"}],"wp:attachment":[{"href":"https:\/\/bramy-gates.pl\/pl_pl\/wp-json\/wp\/v2\/media?parent=1961"}],"wp:term":[{"taxonomy":"brand","embeddable":true,"href":"https:\/\/bramy-gates.pl\/pl_pl\/wp-json\/wp\/v2\/etheme_brands?post=1961"},{"taxonomy":"product_brand","embeddable":true,"href":"https:\/\/bramy-gates.pl\/pl_pl\/wp-json\/wp\/v2\/product_brand?post=1961"},{"taxonomy":"product_cat","embeddable":true,"href":"https:\/\/bramy-gates.pl\/pl_pl\/wp-json\/wp\/v2\/product_cat?post=1961"},{"taxonomy":"product_tag","embeddable":true,"href":"https:\/\/bramy-gates.pl\/pl_pl\/wp-json\/wp\/v2\/product_tag?post=1961"}],"curies":[{"name":"wp","href":"https:\/\/api.w.org\/{rel}","templated":true}]}}